{"id":3474,"date":"2025-07-07T17:33:55","date_gmt":"2025-07-07T16:33:55","guid":{"rendered":"https:\/\/kymco2.dgx.ma\/product\/porte-telepeage-pour-lautoroute-avec-fixation-reglable-grace-a-une-bande-avec-fermeture-a-scratch-peut-etre-porte-au-poignet-ou-au-bras\/"},"modified":"2025-11-10T14:38:51","modified_gmt":"2025-11-10T13:38:51","slug":"porte-telepeage-pour-lautoroute-avec-fixation-reglable-grace-a-une-bande-avec-fermeture-a-scratch-peut-etre-porte-au-poignet-ou-au-bras","status":"publish","type":"product","link":"https:\/\/kymco2.dgx.ma\/en\/product\/porte-telepeage-pour-lautoroute-avec-fixation-reglable-grace-a-une-bande-avec-fermeture-a-scratch-peut-etre-porte-au-poignet-ou-au-bras\/","title":{"rendered":"Porte-t\u00e9l\u00e9p\u00e9age pour l&rsquo;autoroute, avec fixation r\u00e9glable gr\u00e2ce \u00e0 une bande avec fermeture \u00e0 scratch, peut \u00eatre port\u00e9 au poignet ou au bras"},"content":{"rendered":"","protected":false},"excerpt":{"rendered":"","protected":false},"featured_media":0,"comment_status":"open","ping_status":"closed","template":"","meta":{"site-sidebar-layout":"default","site-content-layout":"","ast-site-content-layout":"","site-content-style":"default","site-sidebar-style":"default","ast-global-header-display":"","ast-banner-title-visibility":"","ast-main-header-display":"","ast-hfb-above-header-display":"","ast-hfb-below-header-display":"","ast-hfb-mobile-header-display":"","site-post-title":"","ast-breadcrumbs-content":"","ast-featured-img":"","footer-sml-layout":"","theme-transparent-header-meta":"","adv-header-id-meta":"","stick-header-meta":"","header-above-stick-meta":"","header-main-stick-meta":"","header-below-stick-meta":"","astra-migrate-meta-layouts":"default","ast-page-background-enabled":"default","ast-page-background-meta":{"desktop":{"background-color":"var(--ast-global-color-5)","background-image":"","background-repeat":"repeat","background-position":"center center","background-size":"auto","background-attachment":"scroll","background-type":"","background-media":"","overlay-type":"","overlay-color":"","overlay-opacity":"","overlay-gradient":""},"tablet":{"background-color":"","background-image":"","background-repeat":"repeat","background-position":"center center","background-size":"auto","background-attachment":"scroll","background-type":"","background-media":"","overlay-type":"","overlay-color":"","overlay-opacity":"","overlay-gradient":""},"mobile":{"background-color":"","background-image":"","background-repeat":"repeat","background-position":"center center","background-size":"auto","background-attachment":"scroll","background-type":"","background-media":"","overlay-type":"","overlay-color":"","overlay-opacity":"","overlay-gradient":""}},"ast-content-background-meta":{"desktop":{"background-color":"var(--ast-global-color-4)","background-image":"","background-repeat":"repeat","background-position":"center center","background-size":"auto","background-attachment":"scroll","background-type":"","background-media":"","overlay-type":"","overlay-color":"","overlay-opacity":"","overlay-gradient":""},"tablet":{"background-color":"var(--ast-global-color-4)","background-image":"","background-repeat":"repeat","background-position":"center center","background-size":"auto","background-attachment":"scroll","background-type":"","background-media":"","overlay-type":"","overlay-color":"","overlay-opacity":"","overlay-gradient":""},"mobile":{"background-color":"var(--ast-global-color-4)","background-image":"","background-repeat":"repeat","background-position":"center center","background-size":"auto","background-attachment":"scroll","background-type":"","background-media":"","overlay-type":"","overlay-color":"","overlay-opacity":"","overlay-gradient":""}}},"product_brand":[],"product_cat":[22,62],"product_tag":[],"class_list":{"0":"post-3474","1":"product","2":"type-product","3":"status-publish","5":"product_cat-givi","6":"product_cat-accessoires-touring","7":"desktop-align-left","8":"tablet-align-left","9":"mobile-align-left","11":"first","12":"instock","13":"shipping-taxable","14":"purchasable","15":"product-type-simple"},"_links":{"self":[{"href":"https:\/\/kymco2.dgx.ma\/en\/wp-json\/wp\/v2\/product\/3474","targetHints":{"allow":["GET"]}}],"collection":[{"href":"https:\/\/kymco2.dgx.ma\/en\/wp-json\/wp\/v2\/product"}],"about":[{"href":"https:\/\/kymco2.dgx.ma\/en\/wp-json\/wp\/v2\/types\/product"}],"replies":[{"embeddable":true,"href":"https:\/\/kymco2.dgx.ma\/en\/wp-json\/wp\/v2\/comments?post=3474"}],"wp:attachment":[{"href":"https:\/\/kymco2.dgx.ma\/en\/wp-json\/wp\/v2\/media?parent=3474"}],"wp:term":[{"taxonomy":"product_brand","embeddable":true,"href":"https:\/\/kymco2.dgx.ma\/en\/wp-json\/wp\/v2\/product_brand?post=3474"},{"taxonomy":"product_cat","embeddable":true,"href":"https:\/\/kymco2.dgx.ma\/en\/wp-json\/wp\/v2\/product_cat?post=3474"},{"taxonomy":"product_tag","embeddable":true,"href":"https:\/\/kymco2.dgx.ma\/en\/wp-json\/wp\/v2\/product_tag?post=3474"}],"curies":[{"name":"wp","href":"https:\/\/api.w.org\/{rel}","templated":true}]}}